{"id":103390,"date":"2025-04-16T13:50:00","date_gmt":"2025-04-16T13:50:00","guid":{"rendered":"https:\/\/mercadovivoagroecologia.cl\/wprod\/?post_type=product&#038;p=103390"},"modified":"2026-03-27T13:32:27","modified_gmt":"2026-03-27T13:32:27","slug":"haba-verde-mediana","status":"publish","type":"product","link":"https:\/\/mercadovivoagroecologia.cl\/wprod\/producto\/haba-verde-mediana\/","title":{"rendered":"Haba verde mediana"},"content":{"rendered":"<p>Esta variedad es de productividad media.<\/p>\n<p>El tama\u00f1o de la semilla es mediana, color caf\u00e9 cuando est\u00e1 seca.<\/p>\n<p><em>La semilla se entrega con tierra de diatomeas en su superficie para protegerla de plagas.<\/em><\/p>\n","protected":false},"excerpt":{"rendered":"<p><b>Nombre Cient\u00edfico: <\/b>Vicia faba<\/p>\n<p><strong>Familia: <\/strong>Fabaceae<\/p>\n<p><strong>Siembra: <\/strong>Oto\u00f1o\/Invierno<\/p>\n<p><strong>Cantidad de semillas:<\/strong> 8 por sobre<\/p>\n","protected":false},"featured_media":103384,"comment_status":"open","ping_status":"closed","template":"","meta":[],"product_brand":[],"product_cat":[104],"product_tag":[],"class_list":{"0":"post-103390","1":"product","2":"type-product","3":"status-publish","4":"has-post-thumbnail","6":"product_cat-legumbres","8":"first","9":"outofstock","10":"taxable","11":"shipping-taxable","12":"purchasable","13":"product-type-simple"},"jetpack_sharing_enabled":true,"_links":{"self":[{"href":"https:\/\/mercadovivoagroecologia.cl\/wprod\/wp-json\/wp\/v2\/product\/103390","targetHints":{"allow":["GET"]}}],"collection":[{"href":"https:\/\/mercadovivoagroecologia.cl\/wprod\/wp-json\/wp\/v2\/product"}],"about":[{"href":"https:\/\/mercadovivoagroecologia.cl\/wprod\/wp-json\/wp\/v2\/types\/product"}],"replies":[{"embeddable":true,"href":"https:\/\/mercadovivoagroecologia.cl\/wprod\/wp-json\/wp\/v2\/comments?post=103390"}],"version-history":[{"count":1,"href":"https:\/\/mercadovivoagroecologia.cl\/wprod\/wp-json\/wp\/v2\/product\/103390\/revisions"}],"predecessor-version":[{"id":103391,"href":"https:\/\/mercadovivoagroecologia.cl\/wprod\/wp-json\/wp\/v2\/product\/103390\/revisions\/103391"}],"wp:featuredmedia":[{"embeddable":true,"href":"https:\/\/mercadovivoagroecologia.cl\/wprod\/wp-json\/wp\/v2\/media\/103384"}],"wp:attachment":[{"href":"https:\/\/mercadovivoagroecologia.cl\/wprod\/wp-json\/wp\/v2\/media?parent=103390"}],"wp:term":[{"taxonomy":"product_brand","embeddable":true,"href":"https:\/\/mercadovivoagroecologia.cl\/wprod\/wp-json\/wp\/v2\/product_brand?post=103390"},{"taxonomy":"product_cat","embeddable":true,"href":"https:\/\/mercadovivoagroecologia.cl\/wprod\/wp-json\/wp\/v2\/product_cat?post=103390"},{"taxonomy":"product_tag","embeddable":true,"href":"https:\/\/mercadovivoagroecologia.cl\/wprod\/wp-json\/wp\/v2\/product_tag?post=103390"}],"curies":[{"name":"wp","href":"https:\/\/api.w.org\/{rel}","templated":true}]}}