{"id":103214,"date":"2024-08-13T02:54:43","date_gmt":"2024-08-13T02:54:43","guid":{"rendered":"https:\/\/mercadovivoagroecologia.cl\/wprod\/?post_type=product&#038;p=103214"},"modified":"2026-03-27T13:36:10","modified_gmt":"2026-03-27T13:36:10","slug":"lentejon-fp","status":"publish","type":"product","link":"https:\/\/mercadovivoagroecologia.cl\/wprod\/producto\/lentejon-fp\/","title":{"rendered":"Lentej\u00f3n FP"},"content":{"rendered":"<p>El suelo donde se va a cultivar el lentej\u00f3n, debe ser rico en materia org\u00e1nica.<\/p>\n<p>La planta necesita buenas dosis de luz solar al d\u00eda, por lo que debemos escoger un lugar adecuado en el huerto para este cultivo. No tolera las heladas, por lo que si vives en una zona donde hay grados bajo cero en invierno, lo ideal es plantar luego de las ultimas heladas.<\/p>\n<p>Por el contrario, si es clima no es tan fr\u00edo, puedes comenzar a sembrar desde Mayo.<\/p>\n<p>Al momento de prepararlo para consumo, a diferencia de la lenteja, el lentej\u00f3n no requiere remojo y se cocina en 30 minutos.<\/p>\n","protected":false},"excerpt":{"rendered":"<p><strong>Nombre cient\u00edfico: <\/strong>Lens culinaris<\/p>\n<p><strong>Familia: <\/strong>Fabaceae<\/p>\n<p><strong>Temporada de siembra:<\/strong> Oto\u00f1o (en zonas donde el invierno es suave) y Primavera (en zonas donde hay invierno con grados bajo cero).<\/p>\n<p><strong>Cantidad: <\/strong>1gr\u00a0por sobre.<\/p>\n","protected":false},"featured_media":103212,"comment_status":"open","ping_status":"closed","template":"","meta":[],"product_brand":[],"product_cat":[155],"product_tag":[],"class_list":{"0":"post-103214","1":"product","2":"type-product","3":"status-publish","4":"has-post-thumbnail","6":"product_cat-sobres-en-formato-economico","8":"first","9":"outofstock","10":"taxable","11":"shipping-taxable","12":"purchasable","13":"product-type-simple"},"jetpack_sharing_enabled":true,"_links":{"self":[{"href":"https:\/\/mercadovivoagroecologia.cl\/wprod\/wp-json\/wp\/v2\/product\/103214","targetHints":{"allow":["GET"]}}],"collection":[{"href":"https:\/\/mercadovivoagroecologia.cl\/wprod\/wp-json\/wp\/v2\/product"}],"about":[{"href":"https:\/\/mercadovivoagroecologia.cl\/wprod\/wp-json\/wp\/v2\/types\/product"}],"replies":[{"embeddable":true,"href":"https:\/\/mercadovivoagroecologia.cl\/wprod\/wp-json\/wp\/v2\/comments?post=103214"}],"version-history":[{"count":2,"href":"https:\/\/mercadovivoagroecologia.cl\/wprod\/wp-json\/wp\/v2\/product\/103214\/revisions"}],"predecessor-version":[{"id":110144,"href":"https:\/\/mercadovivoagroecologia.cl\/wprod\/wp-json\/wp\/v2\/product\/103214\/revisions\/110144"}],"wp:featuredmedia":[{"embeddable":true,"href":"https:\/\/mercadovivoagroecologia.cl\/wprod\/wp-json\/wp\/v2\/media\/103212"}],"wp:attachment":[{"href":"https:\/\/mercadovivoagroecologia.cl\/wprod\/wp-json\/wp\/v2\/media?parent=103214"}],"wp:term":[{"taxonomy":"product_brand","embeddable":true,"href":"https:\/\/mercadovivoagroecologia.cl\/wprod\/wp-json\/wp\/v2\/product_brand?post=103214"},{"taxonomy":"product_cat","embeddable":true,"href":"https:\/\/mercadovivoagroecologia.cl\/wprod\/wp-json\/wp\/v2\/product_cat?post=103214"},{"taxonomy":"product_tag","embeddable":true,"href":"https:\/\/mercadovivoagroecologia.cl\/wprod\/wp-json\/wp\/v2\/product_tag?post=103214"}],"curies":[{"name":"wp","href":"https:\/\/api.w.org\/{rel}","templated":true}]}}