{"id":103154,"date":"2024-08-05T15:28:58","date_gmt":"2024-08-05T15:28:58","guid":{"rendered":"https:\/\/mercadovivoagroecologia.cl\/wprod\/?post_type=product&#038;p=103154"},"modified":"2026-03-31T18:18:02","modified_gmt":"2026-03-31T18:18:02","slug":"lechuga-lollo-rosa-fp","status":"publish","type":"product","link":"https:\/\/mercadovivoagroecologia.cl\/wprod\/producto\/lechuga-lollo-rosa-fp\/","title":{"rendered":"Lechuga Lollo Rosa FP"},"content":{"rendered":"<p>Variedad de gran tama\u00f1o, sus hojas son rizadas finas, color rosado con tonalidades mas oscuras en sus bordes. El centro de la lechuga es blanco.<\/p>\n<p>La lechuga es un cultivo sencillo, puede ser sembrado en alm\u00e1cigo o de manera directa a suelo, es de r\u00e1pida germinaci\u00f3n.<\/p>\n<p>Se adapta a cualquier tipo de suelo y crece sin problemas en invernadero y exteriores, resiste bien altas y bajas temperaturas.<\/p>\n<p>La lechuga se cosecha de 30 a 70 d\u00edas luego del trasplante<\/p>\n","protected":false},"excerpt":{"rendered":"<p><strong>Nombre cient\u00edfico:\u00a0<\/strong>Lactuca sativa<\/p>\n<p><strong>Familia:\u00a0<\/strong>Asteraceae<\/p>\n<p><strong>Siembra:\u00a0<\/strong>Todo el a\u00f1o<\/p>\n<p><strong>Cantidad de semillas:<\/strong> 0.1 gr por sobre<\/p>\n","protected":false},"featured_media":2933,"comment_status":"open","ping_status":"closed","template":"","meta":[],"product_brand":[],"product_cat":[155],"product_tag":[],"class_list":{"0":"post-103154","1":"product","2":"type-product","3":"status-publish","4":"has-post-thumbnail","6":"product_cat-sobres-en-formato-economico","8":"first","9":"instock","10":"taxable","11":"shipping-taxable","12":"purchasable","13":"product-type-simple"},"jetpack_sharing_enabled":true,"_links":{"self":[{"href":"https:\/\/mercadovivoagroecologia.cl\/wprod\/wp-json\/wp\/v2\/product\/103154","targetHints":{"allow":["GET"]}}],"collection":[{"href":"https:\/\/mercadovivoagroecologia.cl\/wprod\/wp-json\/wp\/v2\/product"}],"about":[{"href":"https:\/\/mercadovivoagroecologia.cl\/wprod\/wp-json\/wp\/v2\/types\/product"}],"replies":[{"embeddable":true,"href":"https:\/\/mercadovivoagroecologia.cl\/wprod\/wp-json\/wp\/v2\/comments?post=103154"}],"version-history":[{"count":1,"href":"https:\/\/mercadovivoagroecologia.cl\/wprod\/wp-json\/wp\/v2\/product\/103154\/revisions"}],"predecessor-version":[{"id":103155,"href":"https:\/\/mercadovivoagroecologia.cl\/wprod\/wp-json\/wp\/v2\/product\/103154\/revisions\/103155"}],"wp:featuredmedia":[{"embeddable":true,"href":"https:\/\/mercadovivoagroecologia.cl\/wprod\/wp-json\/wp\/v2\/media\/2933"}],"wp:attachment":[{"href":"https:\/\/mercadovivoagroecologia.cl\/wprod\/wp-json\/wp\/v2\/media?parent=103154"}],"wp:term":[{"taxonomy":"product_brand","embeddable":true,"href":"https:\/\/mercadovivoagroecologia.cl\/wprod\/wp-json\/wp\/v2\/product_brand?post=103154"},{"taxonomy":"product_cat","embeddable":true,"href":"https:\/\/mercadovivoagroecologia.cl\/wprod\/wp-json\/wp\/v2\/product_cat?post=103154"},{"taxonomy":"product_tag","embeddable":true,"href":"https:\/\/mercadovivoagroecologia.cl\/wprod\/wp-json\/wp\/v2\/product_tag?post=103154"}],"curies":[{"name":"wp","href":"https:\/\/api.w.org\/{rel}","templated":true}]}}