{"id":102882,"date":"2024-06-18T15:54:44","date_gmt":"2024-06-18T15:54:44","guid":{"rendered":"https:\/\/mercadovivoagroecologia.cl\/wprod\/?post_type=product&#038;p=102882"},"modified":"2026-04-13T15:16:20","modified_gmt":"2026-04-13T15:16:20","slug":"aji-habanero","status":"publish","type":"product","link":"https:\/\/mercadovivoagroecologia.cl\/wprod\/producto\/aji-habanero\/","title":{"rendered":"Aj\u00ed Habanero"},"content":{"rendered":"<p>Posee denominaci\u00f3n de origen bajo el nombre de <em>\u00abChile habanero de Yucat\u00e1n\u00bb.<\/em><\/p>\n<p>El chile habanero, es uno de los m\u00e1s picantes del g\u00e9nero Capsicum.<\/p>\n<p>La planta es de tipo arbustiva, con bastante ramificaci\u00f3n y es muy productiva, los frutos maduran de un verde oscuro a amarillo y en estado muy maduro llega a tomar tonos mas anaranjados.<\/p>\n<p>Este aj\u00ed se consume fresco, se hacen preparaciones gourmet como salsas y tambi\u00e9n se usa en medicina, para preparar ung\u00fcentos para aliviar dolores severos causados por la artritis.<\/p>\n<p>Es bastante picante, se recomienda comer y manipular con precauci\u00f3n.<\/p>\n<p>&nbsp;<\/p>\n<p>&nbsp;<\/p>\n","protected":false},"excerpt":{"rendered":"<p><strong>Nombre Cient\u00edfico<\/strong>: Capsicum chinense<\/p>\n<p><strong>Familia:<\/strong> Solanaceae<\/p>\n<p><strong>Siembra:<\/strong> Primavera<\/p>\n<p><strong>Cantidad:<\/strong> 35 semillas por sobre<\/p>\n<p><strong>Otros nombres:<\/strong> Chile habanero<\/p>\n<p><strong>Escala de Scoville: <\/strong>100.000 a 300.000 SHU<\/p>\n<p>&nbsp;<\/p>\n","protected":false},"featured_media":102887,"comment_status":"open","ping_status":"closed","template":"","meta":[],"product_brand":[],"product_cat":[161],"product_tag":[],"class_list":{"0":"post-102882","1":"product","2":"type-product","3":"status-publish","4":"has-post-thumbnail","6":"product_cat-aji","8":"first","9":"instock","10":"taxable","11":"shipping-taxable","12":"purchasable","13":"product-type-simple"},"jetpack_sharing_enabled":true,"_links":{"self":[{"href":"https:\/\/mercadovivoagroecologia.cl\/wprod\/wp-json\/wp\/v2\/product\/102882","targetHints":{"allow":["GET"]}}],"collection":[{"href":"https:\/\/mercadovivoagroecologia.cl\/wprod\/wp-json\/wp\/v2\/product"}],"about":[{"href":"https:\/\/mercadovivoagroecologia.cl\/wprod\/wp-json\/wp\/v2\/types\/product"}],"replies":[{"embeddable":true,"href":"https:\/\/mercadovivoagroecologia.cl\/wprod\/wp-json\/wp\/v2\/comments?post=102882"}],"version-history":[{"count":6,"href":"https:\/\/mercadovivoagroecologia.cl\/wprod\/wp-json\/wp\/v2\/product\/102882\/revisions"}],"predecessor-version":[{"id":103402,"href":"https:\/\/mercadovivoagroecologia.cl\/wprod\/wp-json\/wp\/v2\/product\/102882\/revisions\/103402"}],"wp:featuredmedia":[{"embeddable":true,"href":"https:\/\/mercadovivoagroecologia.cl\/wprod\/wp-json\/wp\/v2\/media\/102887"}],"wp:attachment":[{"href":"https:\/\/mercadovivoagroecologia.cl\/wprod\/wp-json\/wp\/v2\/media?parent=102882"}],"wp:term":[{"taxonomy":"product_brand","embeddable":true,"href":"https:\/\/mercadovivoagroecologia.cl\/wprod\/wp-json\/wp\/v2\/product_brand?post=102882"},{"taxonomy":"product_cat","embeddable":true,"href":"https:\/\/mercadovivoagroecologia.cl\/wprod\/wp-json\/wp\/v2\/product_cat?post=102882"},{"taxonomy":"product_tag","embeddable":true,"href":"https:\/\/mercadovivoagroecologia.cl\/wprod\/wp-json\/wp\/v2\/product_tag?post=102882"}],"curies":[{"name":"wp","href":"https:\/\/api.w.org\/{rel}","templated":true}]}}