{"id":102751,"date":"2024-05-04T02:38:17","date_gmt":"2024-05-04T02:38:17","guid":{"rendered":"https:\/\/mercadovivoagroecologia.cl\/wprod\/?post_type=product&#038;p=102751"},"modified":"2026-03-27T13:51:51","modified_gmt":"2026-03-27T13:51:51","slug":"semillas-de-mentha-suaveolens-mastranzo-fp","status":"publish","type":"product","link":"https:\/\/mercadovivoagroecologia.cl\/wprod\/producto\/semillas-de-mentha-suaveolens-mastranzo-fp\/","title":{"rendered":"Semillas de Mentha Suaveolens \/ Mastranzo FP"},"content":{"rendered":"<p>La menta es unas de las hierbas arom\u00e1ticas mas conocidas, sus hojas se toman en infusi\u00f3n para afecciones estomacales. Tambi\u00e9n se usa para diferentes preparaciones culinarias.<\/p>\n<p>Es una planta perenne, f\u00e1cil de cultivar. Necesita bastante espacio, y se debe tener cuidado en donde se planta de manera definitiva, ya que suele ser invasiva. Se recomienda plantar en los bordes del huerto, invernaderos o rejas, donde atraer\u00e1 a insectos beneficiosos y repeler\u00e1 a los que pueden hacer da\u00f1o en tu huerto.<\/p>\n<p>Se reproduce por semillas y estolones (esquejes), y crece bien todo el a\u00f1o.<\/p>\n<p>Se recomienda hacer podas para el rejuvenecimiento de la planta, luego que esta da su floraci\u00f3n y semillas en primavera y verano.<\/p>\n<p>La Menta Suaveolens, es la com\u00fanmente llamada, menta peluda, que sus hojas redondeadas, poseen peque\u00f1os pelitos. Es de sabor suave y exquisito aroma. esta variedad es la usada en tragos y otras preparaciones.<\/p>\n<p><em>Se recomienda sembrar las semillas lo m\u00e1s cercano a la superficie del suelo o bandeja almaciguera y tapar con una ligera capa de tierra o sustrato, ya que las semillas de hierbas medicinales, requieren suficiente luz solar para germinar. El riego debe ser por lluvia suave o aspersi\u00f3n.\u00a0<\/em><\/p>\n","protected":false},"excerpt":{"rendered":"<p><strong>Nombre Cient\u00edfico:\u00a0<\/strong>Mentha spicata<\/p>\n<p><strong>Familia:\u00a0<\/strong>Lamiaceae<\/p>\n<p><strong>Siembra:\u00a0<\/strong>Todo el a\u00f1o (recomendado de Septiembre a Noviembre)<\/p>\n<p><strong>Cantidad de semillas:\u00a0<\/strong>0,1 gr por sobre<\/p>\n","protected":false},"featured_media":102739,"comment_status":"open","ping_status":"closed","template":"","meta":[],"product_brand":[],"product_cat":[155],"product_tag":[],"class_list":{"0":"post-102751","1":"product","2":"type-product","3":"status-publish","4":"has-post-thumbnail","6":"product_cat-sobres-en-formato-economico","8":"first","9":"outofstock","10":"taxable","11":"shipping-taxable","12":"purchasable","13":"product-type-simple"},"jetpack_sharing_enabled":true,"_links":{"self":[{"href":"https:\/\/mercadovivoagroecologia.cl\/wprod\/wp-json\/wp\/v2\/product\/102751","targetHints":{"allow":["GET"]}}],"collection":[{"href":"https:\/\/mercadovivoagroecologia.cl\/wprod\/wp-json\/wp\/v2\/product"}],"about":[{"href":"https:\/\/mercadovivoagroecologia.cl\/wprod\/wp-json\/wp\/v2\/types\/product"}],"replies":[{"embeddable":true,"href":"https:\/\/mercadovivoagroecologia.cl\/wprod\/wp-json\/wp\/v2\/comments?post=102751"}],"version-history":[{"count":2,"href":"https:\/\/mercadovivoagroecologia.cl\/wprod\/wp-json\/wp\/v2\/product\/102751\/revisions"}],"predecessor-version":[{"id":102760,"href":"https:\/\/mercadovivoagroecologia.cl\/wprod\/wp-json\/wp\/v2\/product\/102751\/revisions\/102760"}],"wp:featuredmedia":[{"embeddable":true,"href":"https:\/\/mercadovivoagroecologia.cl\/wprod\/wp-json\/wp\/v2\/media\/102739"}],"wp:attachment":[{"href":"https:\/\/mercadovivoagroecologia.cl\/wprod\/wp-json\/wp\/v2\/media?parent=102751"}],"wp:term":[{"taxonomy":"product_brand","embeddable":true,"href":"https:\/\/mercadovivoagroecologia.cl\/wprod\/wp-json\/wp\/v2\/product_brand?post=102751"},{"taxonomy":"product_cat","embeddable":true,"href":"https:\/\/mercadovivoagroecologia.cl\/wprod\/wp-json\/wp\/v2\/product_cat?post=102751"},{"taxonomy":"product_tag","embeddable":true,"href":"https:\/\/mercadovivoagroecologia.cl\/wprod\/wp-json\/wp\/v2\/product_tag?post=102751"}],"curies":[{"name":"wp","href":"https:\/\/api.w.org\/{rel}","templated":true}]}}