{"id":102536,"date":"2024-04-10T19:25:58","date_gmt":"2024-04-10T19:25:58","guid":{"rendered":"https:\/\/mercadovivoagroecologia.cl\/wprod\/?post_type=product&#038;p=102536"},"modified":"2026-04-07T22:47:32","modified_gmt":"2026-04-07T22:47:32","slug":"aji-scotch-bonnet","status":"publish","type":"product","link":"https:\/\/mercadovivoagroecologia.cl\/wprod\/producto\/aji-scotch-bonnet\/","title":{"rendered":"Aj\u00ed Scotch Bonnet"},"content":{"rendered":"<p><em>Semilla de Reliquia<\/em><\/p>\n<p>Pertenece a la familia de los habaneros, pero su morfolog\u00eda es similar a un gorro escoc\u00e9s, y est\u00e1 clasificado entre los chiles mas picantes del mundo.<\/p>\n<p>Los frutos maduran de verde a colores que van del amarillo\/naranja al rojo escarlata.<\/p>\n<p>Existe una variedad dulce de este aj\u00ed, que se cultiva principalmente en el Caribe.<\/p>\n<p>&nbsp;<\/p>\n","protected":false},"excerpt":{"rendered":"<p><strong>Nombre Cient\u00edfico<\/strong>: Capsicum chinense &#8216;Scotch Bonnet&#8217;<\/p>\n<p><strong>Familia:<\/strong> Solanaceae<\/p>\n<p><strong>Siembra:<\/strong> Primavera<\/p>\n<p><strong>Cantidad:<\/strong> 35 semillas por sobre<\/p>\n<p><strong>Otros nombres:<\/strong> Chile Panam\u00e1 o Chile paname\u00f1o<\/p>\n<p><strong>Escala de Scoville: <\/strong>100.000 a 350.000\u00a0SHU<\/p>\n<p>&nbsp;<\/p>\n","protected":false},"featured_media":102531,"comment_status":"open","ping_status":"closed","template":"","meta":[],"product_brand":[],"product_cat":[161],"product_tag":[],"class_list":{"0":"post-102536","1":"product","2":"type-product","3":"status-publish","4":"has-post-thumbnail","6":"product_cat-aji","8":"first","9":"outofstock","10":"taxable","11":"shipping-taxable","12":"purchasable","13":"product-type-simple"},"jetpack_sharing_enabled":true,"_links":{"self":[{"href":"https:\/\/mercadovivoagroecologia.cl\/wprod\/wp-json\/wp\/v2\/product\/102536","targetHints":{"allow":["GET"]}}],"collection":[{"href":"https:\/\/mercadovivoagroecologia.cl\/wprod\/wp-json\/wp\/v2\/product"}],"about":[{"href":"https:\/\/mercadovivoagroecologia.cl\/wprod\/wp-json\/wp\/v2\/types\/product"}],"replies":[{"embeddable":true,"href":"https:\/\/mercadovivoagroecologia.cl\/wprod\/wp-json\/wp\/v2\/comments?post=102536"}],"version-history":[{"count":1,"href":"https:\/\/mercadovivoagroecologia.cl\/wprod\/wp-json\/wp\/v2\/product\/102536\/revisions"}],"predecessor-version":[{"id":102537,"href":"https:\/\/mercadovivoagroecologia.cl\/wprod\/wp-json\/wp\/v2\/product\/102536\/revisions\/102537"}],"wp:featuredmedia":[{"embeddable":true,"href":"https:\/\/mercadovivoagroecologia.cl\/wprod\/wp-json\/wp\/v2\/media\/102531"}],"wp:attachment":[{"href":"https:\/\/mercadovivoagroecologia.cl\/wprod\/wp-json\/wp\/v2\/media?parent=102536"}],"wp:term":[{"taxonomy":"product_brand","embeddable":true,"href":"https:\/\/mercadovivoagroecologia.cl\/wprod\/wp-json\/wp\/v2\/product_brand?post=102536"},{"taxonomy":"product_cat","embeddable":true,"href":"https:\/\/mercadovivoagroecologia.cl\/wprod\/wp-json\/wp\/v2\/product_cat?post=102536"},{"taxonomy":"product_tag","embeddable":true,"href":"https:\/\/mercadovivoagroecologia.cl\/wprod\/wp-json\/wp\/v2\/product_tag?post=102536"}],"curies":[{"name":"wp","href":"https:\/\/api.w.org\/{rel}","templated":true}]}}