{"id":102396,"date":"2024-03-21T16:52:28","date_gmt":"2024-03-21T16:52:28","guid":{"rendered":"https:\/\/mercadovivoagroecologia.cl\/wprod\/?post_type=product&#038;p=102396"},"modified":"2026-03-27T13:24:45","modified_gmt":"2026-03-27T13:24:45","slug":"aji-limo-lemon-drop-pepper-fp","status":"publish","type":"product","link":"https:\/\/mercadovivoagroecologia.cl\/wprod\/producto\/aji-limo-lemon-drop-pepper-fp\/","title":{"rendered":"Aj\u00ed Limo \/ Lemon Drop Pepper FP"},"content":{"rendered":"<p><em>Heirloom Seeds<\/em><\/p>\n<p>Originario de Per\u00fa, donde es cultivado dese hace mas de 400 A.C y se conoce como Qillu Uchu.<\/p>\n<p>La planta es muy prol\u00edficas, son muy resistentes y tienen una temporada muy larga. Bajo malla antihelada, han resistido bien el invierno.<\/p>\n<p>Sus frutos son color amarillo brillante, muy arom\u00e1ticos y con un sabor picante y c\u00edtrico. Que son solo mirarlos te recuerdan a un fresco lim\u00f3n.<\/p>\n<p>&nbsp;<\/p>\n<p>&nbsp;<\/p>\n<p>&nbsp;<\/p>\n<p>&nbsp;<\/p>\n<p>&nbsp;<\/p>\n","protected":false},"excerpt":{"rendered":"<p><strong>Nombre cient\u00edfico:<\/strong> Capsicum baccatum &#8216;Lemon drop&#8217;<\/p>\n<p><b>Familia: <\/b>Solan\u00e1ceas<\/p>\n<p><strong>Siembra:<\/strong> Primavera<\/p>\n<p><strong>Cantidad de semillas:<\/strong> 10 semillas por sobre.<\/p>\n<p><strong>Unidades Scoville: <\/strong>15.000 &#8211; 30.000 SHU<\/p>\n","protected":false},"featured_media":97578,"comment_status":"closed","ping_status":"closed","template":"","meta":[],"product_brand":[],"product_cat":[155],"product_tag":[],"class_list":{"0":"post-102396","1":"product","2":"type-product","3":"status-publish","4":"has-post-thumbnail","6":"product_cat-sobres-en-formato-economico","8":"first","9":"outofstock","10":"taxable","11":"shipping-taxable","12":"purchasable","13":"product-type-simple"},"jetpack_sharing_enabled":true,"_links":{"self":[{"href":"https:\/\/mercadovivoagroecologia.cl\/wprod\/wp-json\/wp\/v2\/product\/102396","targetHints":{"allow":["GET"]}}],"collection":[{"href":"https:\/\/mercadovivoagroecologia.cl\/wprod\/wp-json\/wp\/v2\/product"}],"about":[{"href":"https:\/\/mercadovivoagroecologia.cl\/wprod\/wp-json\/wp\/v2\/types\/product"}],"replies":[{"embeddable":true,"href":"https:\/\/mercadovivoagroecologia.cl\/wprod\/wp-json\/wp\/v2\/comments?post=102396"}],"version-history":[{"count":1,"href":"https:\/\/mercadovivoagroecologia.cl\/wprod\/wp-json\/wp\/v2\/product\/102396\/revisions"}],"predecessor-version":[{"id":102397,"href":"https:\/\/mercadovivoagroecologia.cl\/wprod\/wp-json\/wp\/v2\/product\/102396\/revisions\/102397"}],"wp:featuredmedia":[{"embeddable":true,"href":"https:\/\/mercadovivoagroecologia.cl\/wprod\/wp-json\/wp\/v2\/media\/97578"}],"wp:attachment":[{"href":"https:\/\/mercadovivoagroecologia.cl\/wprod\/wp-json\/wp\/v2\/media?parent=102396"}],"wp:term":[{"taxonomy":"product_brand","embeddable":true,"href":"https:\/\/mercadovivoagroecologia.cl\/wprod\/wp-json\/wp\/v2\/product_brand?post=102396"},{"taxonomy":"product_cat","embeddable":true,"href":"https:\/\/mercadovivoagroecologia.cl\/wprod\/wp-json\/wp\/v2\/product_cat?post=102396"},{"taxonomy":"product_tag","embeddable":true,"href":"https:\/\/mercadovivoagroecologia.cl\/wprod\/wp-json\/wp\/v2\/product_tag?post=102396"}],"curies":[{"name":"wp","href":"https:\/\/api.w.org\/{rel}","templated":true}]}}