{"id":102364,"date":"2024-03-19T15:26:55","date_gmt":"2024-03-19T15:26:55","guid":{"rendered":"https:\/\/mercadovivoagroecologia.cl\/wprod\/?post_type=product&#038;p=102364"},"modified":"2026-03-27T13:51:50","modified_gmt":"2026-03-27T13:51:50","slug":"semillas-de-menta-de-gatos-o-hierba-gatera-fp","status":"publish","type":"product","link":"https:\/\/mercadovivoagroecologia.cl\/wprod\/producto\/semillas-de-menta-de-gatos-o-hierba-gatera-fp\/","title":{"rendered":"Semillas de Menta de Gatos o Hierba Gatera FP"},"content":{"rendered":"<p>La menta para gatos, que es muy atractiva para los gatos ya que la Nepelactona sustancia que la compone al tener contacto con el gato act\u00faa como feromona que desata una reacci\u00f3n qu\u00edmica en el organismo del minino y que le trae relajaci\u00f3n y placer, ya que se une a las c\u00e9lulas encargadas de estimular sus neuronas sensitivas.<\/p>\n<p>Los gatos generan un grado de adicci\u00f3n a esta hierba por sus est\u00edmulos relajantes, por lo que la suelen morder y refregarse en ella, lo que en algunos casos provoca que la planta se marchite.<\/p>\n","protected":false},"excerpt":{"rendered":"<p><strong>Nombre cientifico: <\/strong>Nepeta Cataria L.<\/p>\n<p><strong>Familia: <\/strong>Lamiaceae.<\/p>\n<p><strong>Siembra:\u00a0<\/strong>Primavera<\/p>\n<p><strong>Cantidad de semillas:<\/strong> 0.3 gr por sobre<\/p>\n","protected":false},"featured_media":82094,"comment_status":"open","ping_status":"closed","template":"","meta":[],"product_brand":[],"product_cat":[155],"product_tag":[],"class_list":{"0":"post-102364","1":"product","2":"type-product","3":"status-publish","4":"has-post-thumbnail","6":"product_cat-sobres-en-formato-economico","8":"first","9":"outofstock","10":"taxable","11":"shipping-taxable","12":"purchasable","13":"product-type-simple"},"jetpack_sharing_enabled":true,"_links":{"self":[{"href":"https:\/\/mercadovivoagroecologia.cl\/wprod\/wp-json\/wp\/v2\/product\/102364","targetHints":{"allow":["GET"]}}],"collection":[{"href":"https:\/\/mercadovivoagroecologia.cl\/wprod\/wp-json\/wp\/v2\/product"}],"about":[{"href":"https:\/\/mercadovivoagroecologia.cl\/wprod\/wp-json\/wp\/v2\/types\/product"}],"replies":[{"embeddable":true,"href":"https:\/\/mercadovivoagroecologia.cl\/wprod\/wp-json\/wp\/v2\/comments?post=102364"}],"version-history":[{"count":1,"href":"https:\/\/mercadovivoagroecologia.cl\/wprod\/wp-json\/wp\/v2\/product\/102364\/revisions"}],"predecessor-version":[{"id":102365,"href":"https:\/\/mercadovivoagroecologia.cl\/wprod\/wp-json\/wp\/v2\/product\/102364\/revisions\/102365"}],"wp:featuredmedia":[{"embeddable":true,"href":"https:\/\/mercadovivoagroecologia.cl\/wprod\/wp-json\/wp\/v2\/media\/82094"}],"wp:attachment":[{"href":"https:\/\/mercadovivoagroecologia.cl\/wprod\/wp-json\/wp\/v2\/media?parent=102364"}],"wp:term":[{"taxonomy":"product_brand","embeddable":true,"href":"https:\/\/mercadovivoagroecologia.cl\/wprod\/wp-json\/wp\/v2\/product_brand?post=102364"},{"taxonomy":"product_cat","embeddable":true,"href":"https:\/\/mercadovivoagroecologia.cl\/wprod\/wp-json\/wp\/v2\/product_cat?post=102364"},{"taxonomy":"product_tag","embeddable":true,"href":"https:\/\/mercadovivoagroecologia.cl\/wprod\/wp-json\/wp\/v2\/product_tag?post=102364"}],"curies":[{"name":"wp","href":"https:\/\/api.w.org\/{rel}","templated":true}]}}