{"id":102343,"date":"2024-03-18T02:25:15","date_gmt":"2024-03-18T02:25:15","guid":{"rendered":"https:\/\/mercadovivoagroecologia.cl\/wprod\/?post_type=product&#038;p=102343"},"modified":"2026-04-16T02:00:34","modified_gmt":"2026-04-16T02:00:34","slug":"semillas-de-diente-de-leon-fp","status":"publish","type":"product","link":"https:\/\/mercadovivoagroecologia.cl\/wprod\/producto\/semillas-de-diente-de-leon-fp\/","title":{"rendered":"Semillas de Diente de Le\u00f3n FP"},"content":{"rendered":"<p>Es una planta r\u00fastica y a veces invasiva.<\/p>\n<p>Es perenne, florece de primavera hasta oto\u00f1o y en climas \u00f3ptimos puede dar sus llamativas flores amarillas todo el a\u00f1o.<\/p>\n<p>El cultivo de Diente de Le\u00f3n es sencillo, se adapta a cualquier tipo de suelo, crece bien en exteriores y a pleno sol, requiere poco abono y es resistente a la sequ\u00eda.<\/p>\n<p><em>Se recomienda sembrar las semillas lo m\u00e1s cercano a la superficie del suelo o bandeja almaciguera y tapar con una ligera capa de tierra o sustrato, ya que las semillas de hierbas medicinales, requieren suficiente luz solar para germinar. El riego debe ser por lluvia suave o aspersi\u00f3n.\u00a0<\/em><\/p>\n<p>&nbsp;<\/p>\n","protected":false},"excerpt":{"rendered":"<p><strong>Nombre cient\u00edfico: <\/strong>Taraxacum officinale<\/p>\n<p><strong>Familia: <\/strong>Asteraceae<\/p>\n<p><strong>Siembra:<\/strong> Primavera<\/p>\n<p><strong>Cantidad de semillas: <\/strong>0,1 gr por sobre<\/p>\n","protected":false},"featured_media":102322,"comment_status":"open","ping_status":"closed","template":"","meta":[],"product_brand":[],"product_cat":[155],"product_tag":[],"class_list":{"0":"post-102343","1":"product","2":"type-product","3":"status-publish","4":"has-post-thumbnail","6":"product_cat-sobres-en-formato-economico","8":"first","9":"instock","10":"taxable","11":"shipping-taxable","12":"purchasable","13":"product-type-simple"},"jetpack_sharing_enabled":true,"_links":{"self":[{"href":"https:\/\/mercadovivoagroecologia.cl\/wprod\/wp-json\/wp\/v2\/product\/102343","targetHints":{"allow":["GET"]}}],"collection":[{"href":"https:\/\/mercadovivoagroecologia.cl\/wprod\/wp-json\/wp\/v2\/product"}],"about":[{"href":"https:\/\/mercadovivoagroecologia.cl\/wprod\/wp-json\/wp\/v2\/types\/product"}],"replies":[{"embeddable":true,"href":"https:\/\/mercadovivoagroecologia.cl\/wprod\/wp-json\/wp\/v2\/comments?post=102343"}],"version-history":[{"count":1,"href":"https:\/\/mercadovivoagroecologia.cl\/wprod\/wp-json\/wp\/v2\/product\/102343\/revisions"}],"predecessor-version":[{"id":102344,"href":"https:\/\/mercadovivoagroecologia.cl\/wprod\/wp-json\/wp\/v2\/product\/102343\/revisions\/102344"}],"wp:featuredmedia":[{"embeddable":true,"href":"https:\/\/mercadovivoagroecologia.cl\/wprod\/wp-json\/wp\/v2\/media\/102322"}],"wp:attachment":[{"href":"https:\/\/mercadovivoagroecologia.cl\/wprod\/wp-json\/wp\/v2\/media?parent=102343"}],"wp:term":[{"taxonomy":"product_brand","embeddable":true,"href":"https:\/\/mercadovivoagroecologia.cl\/wprod\/wp-json\/wp\/v2\/product_brand?post=102343"},{"taxonomy":"product_cat","embeddable":true,"href":"https:\/\/mercadovivoagroecologia.cl\/wprod\/wp-json\/wp\/v2\/product_cat?post=102343"},{"taxonomy":"product_tag","embeddable":true,"href":"https:\/\/mercadovivoagroecologia.cl\/wprod\/wp-json\/wp\/v2\/product_tag?post=102343"}],"curies":[{"name":"wp","href":"https:\/\/api.w.org\/{rel}","templated":true}]}}