{"id":102152,"date":"2024-03-16T00:35:36","date_gmt":"2024-03-16T00:35:36","guid":{"rendered":"https:\/\/mercadovivoagroecologia.cl\/wprod\/?post_type=product&#038;p=102152"},"modified":"2026-03-27T13:32:27","modified_gmt":"2026-03-27T13:32:27","slug":"jacaranda-arbol-fp","status":"publish","type":"product","link":"https:\/\/mercadovivoagroecologia.cl\/wprod\/producto\/jacaranda-arbol-fp\/","title":{"rendered":"Jacaranda (\u00e1rbol) FP"},"content":{"rendered":"<p>Es un \u00e1rbol originario de America del Sur, que se d\u00e1 bien en climas tropicales. Es de crecimiento r\u00e1pido y puede llegar a alcanzar hasta 20 metros de altura.<\/p>\n<p>Produce hermosas flores violetas en primavera y verano, es com\u00fan verlo en jardines y calles como \u00e1rbol ornamental.<\/p>\n<p>Tiene grandes y firmes ra\u00edces, lo cual, lo hace un \u00e1rbol, resistente a sequ\u00eda y vientos fuertes.<\/p>\n","protected":false},"excerpt":{"rendered":"<p><strong>Nombre Cient\u00edfico:<\/strong> Jacaranda mimosifolia<\/p>\n<p><strong>Familia: <\/strong><span class=\"LrzXr kno-fv wHYlTd z8gr9e\">Bignoniaceae<\/span><\/p>\n<p><strong>Siembra: <\/strong>Primavera y en climas c\u00e1lidos todo el a\u00f1o.<\/p>\n<p><strong>Cantidad de semillas: <\/strong>0,5\u00a0gr por sobre<\/p>\n","protected":false},"featured_media":102149,"comment_status":"open","ping_status":"closed","template":"","meta":[],"product_brand":[],"product_cat":[155],"product_tag":[],"class_list":{"0":"post-102152","1":"product","2":"type-product","3":"status-publish","4":"has-post-thumbnail","6":"product_cat-sobres-en-formato-economico","8":"first","9":"outofstock","10":"taxable","11":"shipping-taxable","12":"purchasable","13":"product-type-simple"},"jetpack_sharing_enabled":true,"_links":{"self":[{"href":"https:\/\/mercadovivoagroecologia.cl\/wprod\/wp-json\/wp\/v2\/product\/102152","targetHints":{"allow":["GET"]}}],"collection":[{"href":"https:\/\/mercadovivoagroecologia.cl\/wprod\/wp-json\/wp\/v2\/product"}],"about":[{"href":"https:\/\/mercadovivoagroecologia.cl\/wprod\/wp-json\/wp\/v2\/types\/product"}],"replies":[{"embeddable":true,"href":"https:\/\/mercadovivoagroecologia.cl\/wprod\/wp-json\/wp\/v2\/comments?post=102152"}],"version-history":[{"count":3,"href":"https:\/\/mercadovivoagroecologia.cl\/wprod\/wp-json\/wp\/v2\/product\/102152\/revisions"}],"predecessor-version":[{"id":102661,"href":"https:\/\/mercadovivoagroecologia.cl\/wprod\/wp-json\/wp\/v2\/product\/102152\/revisions\/102661"}],"wp:featuredmedia":[{"embeddable":true,"href":"https:\/\/mercadovivoagroecologia.cl\/wprod\/wp-json\/wp\/v2\/media\/102149"}],"wp:attachment":[{"href":"https:\/\/mercadovivoagroecologia.cl\/wprod\/wp-json\/wp\/v2\/media?parent=102152"}],"wp:term":[{"taxonomy":"product_brand","embeddable":true,"href":"https:\/\/mercadovivoagroecologia.cl\/wprod\/wp-json\/wp\/v2\/product_brand?post=102152"},{"taxonomy":"product_cat","embeddable":true,"href":"https:\/\/mercadovivoagroecologia.cl\/wprod\/wp-json\/wp\/v2\/product_cat?post=102152"},{"taxonomy":"product_tag","embeddable":true,"href":"https:\/\/mercadovivoagroecologia.cl\/wprod\/wp-json\/wp\/v2\/product_tag?post=102152"}],"curies":[{"name":"wp","href":"https:\/\/api.w.org\/{rel}","templated":true}]}}