{"id":101938,"date":"2024-02-14T14:59:30","date_gmt":"2024-02-14T14:59:30","guid":{"rendered":"https:\/\/mercadovivoagroecologia.cl\/wprod\/?post_type=product&#038;p=101938"},"modified":"2026-03-27T14:05:57","modified_gmt":"2026-03-27T14:05:57","slug":"arveja-silvestre-fp","status":"publish","type":"product","link":"https:\/\/mercadovivoagroecologia.cl\/wprod\/producto\/arveja-silvestre-fp\/","title":{"rendered":"Vicia Sativa FP"},"content":{"rendered":"<p>Esta variedad, se usa principalmente como forraje y tambi\u00e9n en agricultura como cultivo de cobertura y abono verde.<\/p>\n<p>Es una planta trepadora que puede llegar a crecer hasta 2 metros, si no se controla bien, puede llegar a ser invasiva.<\/p>\n<p>Una vez que tengas esta planta en tu huerto, volver\u00e1 a crecer todos los a\u00f1os, ya que tiende a propagarse f\u00e1cilmente al expulsas sus semillas a momento que se secan.<\/p>\n<p><em>La semilla se entrega con tierra de diatomeas en su superficie para protegerla de plagas.<\/em><\/p>\n","protected":false},"excerpt":{"rendered":"<p><strong>Nombre cient\u00edfico: <\/strong>Vicia cracca<\/p>\n<p><strong>Familia:\u00a0<\/strong>Fabaceae<\/p>\n<p><strong>Temporada de siembra:<\/strong>\u00a0Oto\u00f1o\/Invierno<\/p>\n<p><strong>Cantidad<\/strong>: 15 semillas por sobre.<\/p>\n","protected":false},"featured_media":101934,"comment_status":"closed","ping_status":"closed","template":"","meta":[],"product_brand":[],"product_cat":[155],"product_tag":[],"class_list":{"0":"post-101938","1":"product","2":"type-product","3":"status-publish","4":"has-post-thumbnail","6":"product_cat-sobres-en-formato-economico","8":"first","9":"instock","10":"featured","11":"taxable","12":"shipping-taxable","13":"purchasable","14":"product-type-simple"},"jetpack_sharing_enabled":true,"_links":{"self":[{"href":"https:\/\/mercadovivoagroecologia.cl\/wprod\/wp-json\/wp\/v2\/product\/101938","targetHints":{"allow":["GET"]}}],"collection":[{"href":"https:\/\/mercadovivoagroecologia.cl\/wprod\/wp-json\/wp\/v2\/product"}],"about":[{"href":"https:\/\/mercadovivoagroecologia.cl\/wprod\/wp-json\/wp\/v2\/types\/product"}],"replies":[{"embeddable":true,"href":"https:\/\/mercadovivoagroecologia.cl\/wprod\/wp-json\/wp\/v2\/comments?post=101938"}],"version-history":[{"count":3,"href":"https:\/\/mercadovivoagroecologia.cl\/wprod\/wp-json\/wp\/v2\/product\/101938\/revisions"}],"predecessor-version":[{"id":109784,"href":"https:\/\/mercadovivoagroecologia.cl\/wprod\/wp-json\/wp\/v2\/product\/101938\/revisions\/109784"}],"wp:featuredmedia":[{"embeddable":true,"href":"https:\/\/mercadovivoagroecologia.cl\/wprod\/wp-json\/wp\/v2\/media\/101934"}],"wp:attachment":[{"href":"https:\/\/mercadovivoagroecologia.cl\/wprod\/wp-json\/wp\/v2\/media?parent=101938"}],"wp:term":[{"taxonomy":"product_brand","embeddable":true,"href":"https:\/\/mercadovivoagroecologia.cl\/wprod\/wp-json\/wp\/v2\/product_brand?post=101938"},{"taxonomy":"product_cat","embeddable":true,"href":"https:\/\/mercadovivoagroecologia.cl\/wprod\/wp-json\/wp\/v2\/product_cat?post=101938"},{"taxonomy":"product_tag","embeddable":true,"href":"https:\/\/mercadovivoagroecologia.cl\/wprod\/wp-json\/wp\/v2\/product_tag?post=101938"}],"curies":[{"name":"wp","href":"https:\/\/api.w.org\/{rel}","templated":true}]}}