{"id":101318,"date":"2023-12-16T19:27:09","date_gmt":"2023-12-16T19:27:09","guid":{"rendered":"https:\/\/mercadovivoagroecologia.cl\/wprod\/?post_type=product&#038;p=101318"},"modified":"2023-12-22T20:13:38","modified_gmt":"2023-12-22T20:13:38","slug":"pesebre-grande-de-vellon-modelo-1","status":"publish","type":"product","link":"https:\/\/mercadovivoagroecologia.cl\/wprod\/producto\/pesebre-grande-de-vellon-modelo-1\/","title":{"rendered":"Pesebre grande de Vell\u00f3n modelo 1"},"content":{"rendered":"","protected":false},"excerpt":{"rendered":"<p>&#x1f338; Material Vell\u00f3n.<br \/>\n&#x1f338; Sin costuras.<br \/>\n&#x1f338; Medidas: 32 34 cm.<br \/>\n&#x1f338; Peso: 400 gr.<\/p>\n<p>&#x1f338; Incluye: 1 Mar\u00eda + 1 Jos\u00e9 + 1 ni\u00f1o Jes\u00fas + 5 ovejas de diferentes modelos.<\/p>\n<p>&#x2705;&#xfe0f; Este modelo se puede personalizar incluyendo mas animales o los reyes magos. &#x1f9f6;<\/p>\n","protected":false},"featured_media":101319,"comment_status":"closed","ping_status":"closed","template":"","meta":[],"product_brand":[],"product_cat":[158],"product_tag":[],"class_list":{"0":"post-101318","1":"product","2":"type-product","3":"status-publish","4":"has-post-thumbnail","6":"product_cat-pesebres-de-vellon","8":"first","9":"instock","10":"taxable","11":"shipping-taxable","12":"purchasable","13":"product-type-simple"},"jetpack_sharing_enabled":true,"_links":{"self":[{"href":"https:\/\/mercadovivoagroecologia.cl\/wprod\/wp-json\/wp\/v2\/product\/101318","targetHints":{"allow":["GET"]}}],"collection":[{"href":"https:\/\/mercadovivoagroecologia.cl\/wprod\/wp-json\/wp\/v2\/product"}],"about":[{"href":"https:\/\/mercadovivoagroecologia.cl\/wprod\/wp-json\/wp\/v2\/types\/product"}],"replies":[{"embeddable":true,"href":"https:\/\/mercadovivoagroecologia.cl\/wprod\/wp-json\/wp\/v2\/comments?post=101318"}],"version-history":[{"count":1,"href":"https:\/\/mercadovivoagroecologia.cl\/wprod\/wp-json\/wp\/v2\/product\/101318\/revisions"}],"predecessor-version":[{"id":101321,"href":"https:\/\/mercadovivoagroecologia.cl\/wprod\/wp-json\/wp\/v2\/product\/101318\/revisions\/101321"}],"wp:featuredmedia":[{"embeddable":true,"href":"https:\/\/mercadovivoagroecologia.cl\/wprod\/wp-json\/wp\/v2\/media\/101319"}],"wp:attachment":[{"href":"https:\/\/mercadovivoagroecologia.cl\/wprod\/wp-json\/wp\/v2\/media?parent=101318"}],"wp:term":[{"taxonomy":"product_brand","embeddable":true,"href":"https:\/\/mercadovivoagroecologia.cl\/wprod\/wp-json\/wp\/v2\/product_brand?post=101318"},{"taxonomy":"product_cat","embeddable":true,"href":"https:\/\/mercadovivoagroecologia.cl\/wprod\/wp-json\/wp\/v2\/product_cat?post=101318"},{"taxonomy":"product_tag","embeddable":true,"href":"https:\/\/mercadovivoagroecologia.cl\/wprod\/wp-json\/wp\/v2\/product_tag?post=101318"}],"curies":[{"name":"wp","href":"https:\/\/api.w.org\/{rel}","templated":true}]}}