{"id":100979,"date":"2023-11-27T23:20:54","date_gmt":"2023-11-27T23:20:54","guid":{"rendered":"https:\/\/mercadovivoagroecologia.cl\/wprod\/?post_type=product&#038;p=100979"},"modified":"2026-04-10T17:24:15","modified_gmt":"2026-04-10T17:24:15","slug":"trigo-sarraceno-o-alforfon-fp","status":"publish","type":"product","link":"https:\/\/mercadovivoagroecologia.cl\/wprod\/producto\/trigo-sarraceno-o-alforfon-fp\/","title":{"rendered":"Trigo Sarraceno o Alforf\u00f3n FP"},"content":{"rendered":"<p>Es un pseudocereal, el cual se usa para hacer harinas y tambi\u00e9n para alimentaci\u00f3n animal.<\/p>\n<p>No contiene gluten y posee altas propiedades nutricionales.<\/p>\n<p>Es una planta rustica, que se adapta a diferentes climas, pero no muy extremos. Prefiere suelos livianos y drenados.<\/p>\n<p>Planta anual, con un ciclo vegetativo de 60 a 90 d\u00edas, se debe cosechar el grano cuando est\u00e9 bien maduro (oscuro) debido a que verde puede llegar a ser t\u00f3xico.<\/p>\n","protected":false},"excerpt":{"rendered":"<p><span class=\"w8qArf\"><strong>Nombre cient\u00edfico:<\/strong>\u00a0<\/span><span class=\"LrzXr kno-fv wHYlTd z8gr9e\">Fagopyrum esculentum<\/span><\/p>\n<p><strong>Familia: <\/strong>Polygonaceae<\/p>\n<p><strong>Siembra:<\/strong> Primavera<\/p>\n<p><strong>Cantidad de semillas:<\/strong> 0,5 gr por sobre<\/p>\n","protected":false},"featured_media":100975,"comment_status":"open","ping_status":"closed","template":"","meta":[],"product_brand":[],"product_cat":[155],"product_tag":[],"class_list":{"0":"post-100979","1":"product","2":"type-product","3":"status-publish","4":"has-post-thumbnail","6":"product_cat-sobres-en-formato-economico","8":"first","9":"instock","10":"taxable","11":"shipping-taxable","12":"purchasable","13":"product-type-simple"},"jetpack_sharing_enabled":true,"_links":{"self":[{"href":"https:\/\/mercadovivoagroecologia.cl\/wprod\/wp-json\/wp\/v2\/product\/100979","targetHints":{"allow":["GET"]}}],"collection":[{"href":"https:\/\/mercadovivoagroecologia.cl\/wprod\/wp-json\/wp\/v2\/product"}],"about":[{"href":"https:\/\/mercadovivoagroecologia.cl\/wprod\/wp-json\/wp\/v2\/types\/product"}],"replies":[{"embeddable":true,"href":"https:\/\/mercadovivoagroecologia.cl\/wprod\/wp-json\/wp\/v2\/comments?post=100979"}],"version-history":[{"count":1,"href":"https:\/\/mercadovivoagroecologia.cl\/wprod\/wp-json\/wp\/v2\/product\/100979\/revisions"}],"predecessor-version":[{"id":100980,"href":"https:\/\/mercadovivoagroecologia.cl\/wprod\/wp-json\/wp\/v2\/product\/100979\/revisions\/100980"}],"wp:featuredmedia":[{"embeddable":true,"href":"https:\/\/mercadovivoagroecologia.cl\/wprod\/wp-json\/wp\/v2\/media\/100975"}],"wp:attachment":[{"href":"https:\/\/mercadovivoagroecologia.cl\/wprod\/wp-json\/wp\/v2\/media?parent=100979"}],"wp:term":[{"taxonomy":"product_brand","embeddable":true,"href":"https:\/\/mercadovivoagroecologia.cl\/wprod\/wp-json\/wp\/v2\/product_brand?post=100979"},{"taxonomy":"product_cat","embeddable":true,"href":"https:\/\/mercadovivoagroecologia.cl\/wprod\/wp-json\/wp\/v2\/product_cat?post=100979"},{"taxonomy":"product_tag","embeddable":true,"href":"https:\/\/mercadovivoagroecologia.cl\/wprod\/wp-json\/wp\/v2\/product_tag?post=100979"}],"curies":[{"name":"wp","href":"https:\/\/api.w.org\/{rel}","templated":true}]}}