{"id":100571,"date":"2023-11-04T03:16:28","date_gmt":"2023-11-04T03:16:28","guid":{"rendered":"https:\/\/mercadovivoagroecologia.cl\/wprod\/?post_type=product&#038;p=100571"},"modified":"2026-03-27T13:47:29","modified_gmt":"2026-03-27T13:47:29","slug":"quinoa-roja-fp","status":"publish","type":"product","link":"https:\/\/mercadovivoagroecologia.cl\/wprod\/producto\/quinoa-roja-fp\/","title":{"rendered":"Qu\u00ednoa Roja FP"},"content":{"rendered":"<p>Es un alimento ampliamente consumido debido a su buen sabor y propiedades nutricionales.<\/p>\n<p>Se consume igual que cualquier cereal, y tambi\u00e9n se puede cocer como el arroz y hacer diversas preparaciones calientes o mezclar en ensaladas, hacer ceviches, etc.<\/p>\n<p>La FAO destaca que la quinoa es <em><strong>\u201cel \u00fanico alimento vegetal que posee todos los amino\u00e1cidos esenciales, oligoelementos y vitaminas para la vida, adem\u00e1s de no contener gluten\u201d.<\/strong><\/em><\/p>\n<p>La planta es alta, puede llegar a alcanzar hasta 3 metros de altura, es un cultivo bastante resistente, se adapta bien a cualquier tipo de suelo y requiere poca agua, puede regarse cada 3 o 4 d\u00edas.<\/p>\n<p>Crece bien a pleno sol.<\/p>\n<p>Tiene un ciclo vegetativo de 90 a 120 d\u00edas.<\/p>\n","protected":false},"excerpt":{"rendered":"<p><strong>Nombre Cient\u00edfico:\u00a0<\/strong>Chenopodium quinoa<\/p>\n<p><strong>Familia:\u00a0<\/strong>Chenopodiaceae<\/p>\n<p><strong>Siembra:\u00a0<\/strong>Primavera<\/p>\n<p><strong>Cantidad de semillas:<\/strong> 0,5 gr por sobre<\/p>\n","protected":false},"featured_media":100516,"comment_status":"open","ping_status":"closed","template":"","meta":[],"product_brand":[],"product_cat":[155],"product_tag":[],"class_list":{"0":"post-100571","1":"product","2":"type-product","3":"status-publish","4":"has-post-thumbnail","6":"product_cat-sobres-en-formato-economico","8":"first","9":"instock","10":"taxable","11":"shipping-taxable","12":"purchasable","13":"product-type-simple"},"jetpack_sharing_enabled":true,"_links":{"self":[{"href":"https:\/\/mercadovivoagroecologia.cl\/wprod\/wp-json\/wp\/v2\/product\/100571","targetHints":{"allow":["GET"]}}],"collection":[{"href":"https:\/\/mercadovivoagroecologia.cl\/wprod\/wp-json\/wp\/v2\/product"}],"about":[{"href":"https:\/\/mercadovivoagroecologia.cl\/wprod\/wp-json\/wp\/v2\/types\/product"}],"replies":[{"embeddable":true,"href":"https:\/\/mercadovivoagroecologia.cl\/wprod\/wp-json\/wp\/v2\/comments?post=100571"}],"version-history":[{"count":1,"href":"https:\/\/mercadovivoagroecologia.cl\/wprod\/wp-json\/wp\/v2\/product\/100571\/revisions"}],"predecessor-version":[{"id":100572,"href":"https:\/\/mercadovivoagroecologia.cl\/wprod\/wp-json\/wp\/v2\/product\/100571\/revisions\/100572"}],"wp:featuredmedia":[{"embeddable":true,"href":"https:\/\/mercadovivoagroecologia.cl\/wprod\/wp-json\/wp\/v2\/media\/100516"}],"wp:attachment":[{"href":"https:\/\/mercadovivoagroecologia.cl\/wprod\/wp-json\/wp\/v2\/media?parent=100571"}],"wp:term":[{"taxonomy":"product_brand","embeddable":true,"href":"https:\/\/mercadovivoagroecologia.cl\/wprod\/wp-json\/wp\/v2\/product_brand?post=100571"},{"taxonomy":"product_cat","embeddable":true,"href":"https:\/\/mercadovivoagroecologia.cl\/wprod\/wp-json\/wp\/v2\/product_cat?post=100571"},{"taxonomy":"product_tag","embeddable":true,"href":"https:\/\/mercadovivoagroecologia.cl\/wprod\/wp-json\/wp\/v2\/product_tag?post=100571"}],"curies":[{"name":"wp","href":"https:\/\/api.w.org\/{rel}","templated":true}]}}