{"id":438,"date":"2021-03-18T19:49:26","date_gmt":"2021-03-18T19:49:26","guid":{"rendered":"https:\/\/mercadovivoagroecologia.cl\/wprod\/?page_id=438"},"modified":"2022-08-23T03:52:27","modified_gmt":"2022-08-23T03:52:27","slug":"terminos-y-condiciones","status":"publish","type":"page","link":"https:\/\/mercadovivoagroecologia.cl\/wprod\/terminos-y-condiciones\/","title":{"rendered":"T\u00e9rminos y condiciones"},"content":{"rendered":"\t\t<div data-elementor-type=\"wp-page\" data-elementor-id=\"438\" class=\"elementor elementor-438\">\n\t\t\t\t\t\t<section class=\"elementor-section elementor-top-section elementor-element elementor-element-66e1bba elementor-section-boxed elementor-section-height-default elementor-section-height-default\" data-id=\"66e1bba\" data-element_type=\"section\" data-e-type=\"section\">\n\t\t\t\t\t\t<div class=\"elementor-container elementor-column-gap-default\">\n\t\t\t\t\t<div class=\"elementor-column elementor-col-100 elementor-top-column elementor-element elementor-element-959938c\" data-id=\"959938c\" data-element_type=\"column\" data-e-type=\"column\">\n\t\t\t<div class=\"elementor-widget-wrap elementor-element-populated\">\n\t\t\t\t\t\t<div class=\"elementor-element elementor-element-b072a08 elementor-widget elementor-widget-text-editor\" data-id=\"b072a08\" data-element_type=\"widget\" data-e-type=\"widget\" data-widget_type=\"text-editor.default\">\n\t\t\t\t<div class=\"elementor-widget-container\">\n\t\t\t\t\t\t\t\t\t<p>El uso de este sitio web es regido por los t\u00e9rminos y condiciones, que a continuaci\u00f3n se se\u00f1alan, y por la legislaci\u00f3n vigente en la Rep\u00fablica de Chile. En consecuencia, todas las transacciones que se realicen en este sitio web, asimismo sus efectos jur\u00eddicos, est\u00e1n regidos por esta normativa.<\/p><p>La empresa no se har\u00e1 responsable por accidentes originados por el uso del producto, estos ser\u00e1n de exclusiva responsabilidad del cliente, tanto los posibles da\u00f1os personales y\/o materiales.<\/p><p>La empresa no se har\u00e1 responsable de los posibles da\u00f1os a la salud que puedan generar el uso o abuso en la utilizaci\u00f3n de los productos, el cliente ser\u00e1 responsable de conocer o consultar con un profesional m\u00e9dico u otro que estime conveniente sobre lo apropiado o no de la utilizaci\u00f3n del producto dada su situaci\u00f3n de salud personal, siendo de cargo y cuenta del cliente tanto los riesgos personales como materiales que puedan originarse.<\/p><p>\u00a0<\/p><p><strong>VENTA CON SISTEMA WEBPAY PLUS<\/strong><\/p><p>Nuestro sitio est\u00e1 afiliado a Transbank con el sistema Webpay Plus como medio de pago que vela por la seguridad en las compras con tarjetas de d\u00e9bito y cr\u00e9dito online. Si desea conocer m\u00e1s sobre el servicio seguro de pago Webpay Plus puede visitar:\u00a0<a href=\"http:\/\/www.transbank.cl\/\">http:\/\/www.transbank.cl<\/a><\/p><p>Si la compra ha sido efectuada y aceptada por transbank usted recibir\u00e1 por correo electr\u00f3nico un mensaje de confirmaci\u00f3n donde se detallara su pedido, datos de despacho y facturaci\u00f3n en caso de que usted lo hubiese requerido en el proceso de compra.<\/p><p>* Todas las transacciones est\u00e1n sujetas a confirmaci\u00f3n del pago Online (c\u00f3digo de transacci\u00f3n de transbank autorizado) y es posible pagar tanto con tarjeta de d\u00e9bito como cr\u00e9dito.<\/p><p>** No constituye venta hasta que la operaci\u00f3n est\u00e9 aprobada.<\/p>\t\t\t\t\t\t\t\t<\/div>\n\t\t\t\t<\/div>\n\t\t\t\t\t<\/div>\n\t\t<\/div>\n\t\t\t\t\t<\/div>\n\t\t<\/section>\n\t\t\t\t<\/div>\n\t\t","protected":false},"excerpt":{"rendered":"<p>El uso de este sitio web es regido por los t\u00e9rminos y condiciones, que a continuaci\u00f3n se se\u00f1alan, y por la legislaci\u00f3n vigente en la Rep\u00fablica de Chile. En consecuencia, todas las transacciones que se&hellip;<\/p>\n","protected":false},"author":2,"featured_media":82275,"parent":0,"menu_order":0,"comment_status":"closed","ping_status":"closed","template":"elementor_header_footer","meta":{"footnotes":""},"class_list":["post-438","page","type-page","status-publish","has-post-thumbnail","hentry"],"jetpack_sharing_enabled":true,"_links":{"self":[{"href":"https:\/\/mercadovivoagroecologia.cl\/wprod\/wp-json\/wp\/v2\/pages\/438","targetHints":{"allow":["GET"]}}],"collection":[{"href":"https:\/\/mercadovivoagroecologia.cl\/wprod\/wp-json\/wp\/v2\/pages"}],"about":[{"href":"https:\/\/mercadovivoagroecologia.cl\/wprod\/wp-json\/wp\/v2\/types\/page"}],"author":[{"embeddable":true,"href":"https:\/\/mercadovivoagroecologia.cl\/wprod\/wp-json\/wp\/v2\/users\/2"}],"replies":[{"embeddable":true,"href":"https:\/\/mercadovivoagroecologia.cl\/wprod\/wp-json\/wp\/v2\/comments?post=438"}],"version-history":[{"count":1,"href":"https:\/\/mercadovivoagroecologia.cl\/wprod\/wp-json\/wp\/v2\/pages\/438\/revisions"}],"predecessor-version":[{"id":86361,"href":"https:\/\/mercadovivoagroecologia.cl\/wprod\/wp-json\/wp\/v2\/pages\/438\/revisions\/86361"}],"wp:featuredmedia":[{"embeddable":true,"href":"https:\/\/mercadovivoagroecologia.cl\/wprod\/wp-json\/wp\/v2\/media\/82275"}],"wp:attachment":[{"href":"https:\/\/mercadovivoagroecologia.cl\/wprod\/wp-json\/wp\/v2\/media?parent=438"}],"curies":[{"name":"wp","href":"https:\/\/api.w.org\/{rel}","templated":true}]}}